{"id":956,"date":"2023-11-29T09:12:58","date_gmt":"2023-11-29T08:12:58","guid":{"rendered":"https:\/\/www.encantada.es\/?page_id=956"},"modified":"2024-02-22T11:57:40","modified_gmt":"2024-02-22T10:57:40","slug":"locatie","status":"publish","type":"page","link":"https:\/\/www.encantada.es\/nl\/locatie\/","title":{"rendered":"Locatie"},"content":{"rendered":"\t\t<div data-elementor-type=\"wp-page\" data-elementor-id=\"956\" class=\"elementor elementor-956\" data-elementor-post-type=\"page\">\n\t\t\t\t<div class=\"elementor-element elementor-element-42d69cd9 e-flex e-con-boxed e-con e-parent\" data-id=\"42d69cd9\" data-element_type=\"container\" data-e-type=\"container\">\n\t\t\t\t\t<div class=\"e-con-inner\">\n\t\t<div class=\"elementor-element elementor-element-473ed61f e-con-full e-flex e-con e-child\" data-id=\"473ed61f\" data-element_type=\"container\" data-e-type=\"container\">\n\t\t\t\t<div class=\"elementor-element elementor-element-c705cc8 elementor-widget elementor-widget-heading\" data-id=\"c705cc8\" data-element_type=\"widget\" data-e-type=\"widget\" data-widget_type=\"heading.default\">\n\t\t\t\t<div class=\"elementor-widget-container\">\n\t\t\t\t\t<h2 class=\"elementor-heading-title elementor-size-default\">Encantada aan het woord<\/h2>\t\t\t\t<\/div>\n\t\t\t\t<\/div>\n\t\t\t\t<div class=\"elementor-element elementor-element-550d45ee elementor-widget elementor-widget-text-editor\" data-id=\"550d45ee\" data-element_type=\"widget\" data-e-type=\"widget\" data-widget_type=\"text-editor.default\">\n\t\t\t\t<div class=\"elementor-widget-container\">\n\t\t\t\t\t\t\t\t\t<p>Ik beschouw mezelf als een ideale uitvalsbasis voor zowel natuur- als cultuurliefhebbers. Voor de eerste groep zijn de mogelijkheden qua activiteiten quasi eindeloos: korte wandelingen of uitgebreide trektochten, mountainbiken of wielrennen, pootje baden of vissen op de El Fluvi\u00e0 rivier, paardrijden, naar het strand gaan, golfen, meevliegen met een ballonvaart, skydiven,..<\/p>\n<p>En ook de cultuurliefhebbers zullen hun gading vinden in het bezoeken van onder andere het Dal\u00ed Theatre and Museum (Figueres), het Dal\u00ed House Museum (Cadaques), middeleeuwse dorpjes zoals Besal\u00fa, Pals, Peratallada, Sant Mart\u00ed d\u2019Emp\u00faries, Vic, Hostalric,.. of in het bezichtigen van \u00e9\u00e9n van de talrijke goedbewaarde kastelen, kloosters, burchten, ru\u00efnes,.. in de omgeving.<\/p>\n<p>Door mijn ligging in Palau de Santa Eul\u00e0lia, een klein dorpje volledig omgeven door de natuur, maak ik mee deel uit van de regio Alt Emporda, Girona, Spanje. Hoewel wat afgelegen, lig ik toch op een boogscheut van<\/p>\n<ul>\n<li>steden als Figueres (13 km &#8211; AVE treinstation), Girona (36 km &#8211; luchthaven \u00e9n AVE treinstation) en Barcelona (132 km &#8211; luchthaven \u00e9n AVE treinstation);<\/li>\n<li>stranden als die van Sant Mart\u00ed d&#8217;Emp\u00faries (18 km), Empuriabrava (25 km) en Roses (30 km);<\/li>\n<li>de besneeuwde bergtoppen van Andorra (\u00b1 200 km);<\/li>\n<li>de Franse natie, gelegen op amper 40 km.<\/li>\n<\/ul>\t\t\t\t\t\t\t\t<\/div>\n\t\t\t\t<\/div>\n\t\t\t\t<\/div>\n\t\t<div class=\"elementor-element elementor-element-302e3169 e-con-full e-flex e-con e-child\" data-id=\"302e3169\" data-element_type=\"container\" data-e-type=\"container\">\n\t\t\t\t<div class=\"elementor-element elementor-element-4f06cc03 elementor-widget elementor-widget-image\" data-id=\"4f06cc03\" data-element_type=\"widget\" data-e-type=\"widget\" data-widget_type=\"image.default\">\n\t\t\t\t<div class=\"elementor-widget-container\">\n\t\t\t\t\t\t\t\t\t\t\t\t\t\t\t<img fetchpriority=\"high\" decoding=\"async\" width=\"648\" height=\"722\" src=\"https:\/\/www.encantada.es\/wp-content\/uploads\/2024\/01\/encantada-home-image.png\" class=\"attachment-large size-large wp-image-2383\" alt=\"\" srcset=\"https:\/\/www.encantada.es\/wp-content\/uploads\/2024\/01\/encantada-home-image.png 648w, https:\/\/www.encantada.es\/wp-content\/uploads\/2024\/01\/encantada-home-image-269x300.png 269w\" sizes=\"(max-width: 648px) 100vw, 648px\" \/>\t\t\t\t\t\t\t\t\t\t\t\t\t\t\t<\/div>\n\t\t\t\t<\/div>\n\t\t\t\t<\/div>\n\t\t\t\t\t<\/div>\n\t\t\t\t<\/div>\n\t\t<div class=\"elementor-element elementor-element-78a320d3 e-flex e-con-boxed e-con e-parent\" data-id=\"78a320d3\" data-element_type=\"container\" data-e-type=\"container\" data-settings=\"{&quot;background_background&quot;:&quot;classic&quot;}\">\n\t\t\t\t\t<div class=\"e-con-inner\">\n\t\t<div class=\"elementor-element elementor-element-69b15e30 e-con-full e-flex e-con e-child\" data-id=\"69b15e30\" data-element_type=\"container\" data-e-type=\"container\">\n\t\t\t\t<div class=\"elementor-element elementor-element-24c0b2bb elementor-position-left elementor-vertical-align-middle custom-img-box elementor-widget elementor-widget-image-box\" data-id=\"24c0b2bb\" data-element_type=\"widget\" data-e-type=\"widget\" data-widget_type=\"image-box.default\">\n\t\t\t\t<div class=\"elementor-widget-container\">\n\t\t\t\t\t<div class=\"elementor-image-box-wrapper\"><figure class=\"elementor-image-box-img\"><img decoding=\"async\" width=\"3284\" height=\"3065\" src=\"https:\/\/www.encantada.es\/wp-content\/uploads\/2024\/01\/logo_color.png\" class=\"attachment-full size-full wp-image-3126\" alt=\"\" srcset=\"https:\/\/www.encantada.es\/wp-content\/uploads\/2024\/01\/logo_color.png 3284w, https:\/\/www.encantada.es\/wp-content\/uploads\/2024\/01\/logo_color-300x280.png 300w, https:\/\/www.encantada.es\/wp-content\/uploads\/2024\/01\/logo_color-1024x956.png 1024w, https:\/\/www.encantada.es\/wp-content\/uploads\/2024\/01\/logo_color-768x717.png 768w, https:\/\/www.encantada.es\/wp-content\/uploads\/2024\/01\/logo_color-1536x1434.png 1536w, https:\/\/www.encantada.es\/wp-content\/uploads\/2024\/01\/logo_color-2048x1911.png 2048w\" sizes=\"(max-width: 3284px) 100vw, 3284px\" \/><\/figure><div class=\"elementor-image-box-content\"><h3 class=\"elementor-image-box-title\">Ontdek de Catalaanse Tramontana<\/h3><\/div><\/div>\t\t\t\t<\/div>\n\t\t\t\t<\/div>\n\t\t\t\t<div class=\"elementor-element elementor-element-5facc35a elementor-arrows-position-outside custom-slider elementor-widget elementor-widget-image-carousel\" data-id=\"5facc35a\" data-element_type=\"widget\" data-e-type=\"widget\" data-settings=\"{&quot;slides_to_show&quot;:&quot;3&quot;,&quot;slides_to_scroll&quot;:&quot;3&quot;,&quot;navigation&quot;:&quot;arrows&quot;,&quot;image_spacing_custom&quot;:{&quot;unit&quot;:&quot;px&quot;,&quot;size&quot;:40,&quot;sizes&quot;:[]},&quot;slides_to_show_laptop&quot;:&quot;3&quot;,&quot;slides_to_scroll_laptop&quot;:&quot;1&quot;,&quot;autoplay&quot;:&quot;yes&quot;,&quot;pause_on_hover&quot;:&quot;yes&quot;,&quot;pause_on_interaction&quot;:&quot;yes&quot;,&quot;autoplay_speed&quot;:5000,&quot;infinite&quot;:&quot;yes&quot;,&quot;speed&quot;:500,&quot;image_spacing_custom_laptop&quot;:{&quot;unit&quot;:&quot;px&quot;,&quot;size&quot;:&quot;&quot;,&quot;sizes&quot;:[]},&quot;image_spacing_custom_tablet&quot;:{&quot;unit&quot;:&quot;px&quot;,&quot;size&quot;:&quot;&quot;,&quot;sizes&quot;:[]},&quot;image_spacing_custom_mobile&quot;:{&quot;unit&quot;:&quot;px&quot;,&quot;size&quot;:&quot;&quot;,&quot;sizes&quot;:[]}}\" data-widget_type=\"image-carousel.default\">\n\t\t\t\t<div class=\"elementor-widget-container\">\n\t\t\t\t\t\t\t<div class=\"elementor-image-carousel-wrapper swiper\" role=\"region\" aria-roledescription=\"carousel\" aria-label=\"Afbeelding carrousel\" dir=\"ltr\">\n\t\t\t<div class=\"elementor-image-carousel swiper-wrapper swiper-image-stretch\" aria-live=\"off\">\n\t\t\t\t\t\t\t\t<div class=\"swiper-slide\" role=\"group\" aria-roledescription=\"slide\" aria-label=\"1 van 19\"><figure class=\"swiper-slide-inner\"><img decoding=\"async\" class=\"swiper-slide-image\" src=\"https:\/\/www.encantada.es\/wp-content\/uploads\/2024\/01\/Girona-2-600x600.jpg\" alt=\"Girona 2\" \/><figcaption class=\"elementor-image-carousel-caption\">Girona: 36,1 km - 37 min<\/figcaption><\/figure><\/div><div class=\"swiper-slide\" role=\"group\" aria-roledescription=\"slide\" aria-label=\"2 van 19\"><figure class=\"swiper-slide-inner\"><img decoding=\"async\" class=\"swiper-slide-image\" src=\"https:\/\/www.encantada.es\/wp-content\/uploads\/2024\/01\/Cadaques-4-600x600.jpg\" alt=\"Cadaques 4\" \/><figcaption class=\"elementor-image-carousel-caption\">Cadaqu\u00e9s: 44,9 km - 50 min<\/figcaption><\/figure><\/div><div class=\"swiper-slide\" role=\"group\" aria-roledescription=\"slide\" aria-label=\"3 van 19\"><figure class=\"swiper-slide-inner\"><img decoding=\"async\" class=\"swiper-slide-image\" src=\"https:\/\/www.encantada.es\/wp-content\/uploads\/2024\/01\/Barcelona-2-600x600.jpg\" alt=\"Barcelona 2\" \/><figcaption class=\"elementor-image-carousel-caption\">Barcelona: 130 km - 1u40<\/figcaption><\/figure><\/div><div class=\"swiper-slide\" role=\"group\" aria-roledescription=\"slide\" aria-label=\"4 van 19\"><figure class=\"swiper-slide-inner\"><img decoding=\"async\" class=\"swiper-slide-image\" src=\"https:\/\/www.encantada.es\/wp-content\/uploads\/2024\/01\/Barcelona-3-600x600.jpg\" alt=\"Barcelona 3\" \/><figcaption class=\"elementor-image-carousel-caption\">Barcelona: 130 km - 1u40<\/figcaption><\/figure><\/div><div class=\"swiper-slide\" role=\"group\" aria-roledescription=\"slide\" aria-label=\"5 van 19\"><figure class=\"swiper-slide-inner\"><img decoding=\"async\" class=\"swiper-slide-image\" src=\"https:\/\/www.encantada.es\/wp-content\/uploads\/2024\/01\/Besalu-1-600x600.jpg\" alt=\"Besalu 1\" \/><figcaption class=\"elementor-image-carousel-caption\">Besalu: 27,9 km - 27 min<\/figcaption><\/figure><\/div><div class=\"swiper-slide\" role=\"group\" aria-roledescription=\"slide\" aria-label=\"6 van 19\"><figure class=\"swiper-slide-inner\"><img decoding=\"async\" class=\"swiper-slide-image\" src=\"https:\/\/www.encantada.es\/wp-content\/uploads\/2024\/01\/Besalu-3-600x600.jpg\" alt=\"Besalu 3\" \/><figcaption class=\"elementor-image-carousel-caption\">Besalu: 27,9 km - 27 min<\/figcaption><\/figure><\/div><div class=\"swiper-slide\" role=\"group\" aria-roledescription=\"slide\" aria-label=\"7 van 19\"><figure class=\"swiper-slide-inner\"><img decoding=\"async\" class=\"swiper-slide-image\" src=\"https:\/\/www.encantada.es\/wp-content\/uploads\/2024\/01\/Empuriabrava-2-600x600.jpg\" alt=\"Empuriabrava 2\" \/><figcaption class=\"elementor-image-carousel-caption\">Empuriabrava: 26,8 km - 27 min<\/figcaption><\/figure><\/div><div class=\"swiper-slide\" role=\"group\" aria-roledescription=\"slide\" aria-label=\"8 van 19\"><figure class=\"swiper-slide-inner\"><img decoding=\"async\" class=\"swiper-slide-image\" src=\"https:\/\/www.encantada.es\/wp-content\/uploads\/2024\/01\/Empuriabrava-1-600x600.jpg\" alt=\"Empuriabrava 1\" \/><figcaption class=\"elementor-image-carousel-caption\">Empuriabrava: 26,8 km - 27 min<\/figcaption><\/figure><\/div><div class=\"swiper-slide\" role=\"group\" aria-roledescription=\"slide\" aria-label=\"9 van 19\"><figure class=\"swiper-slide-inner\"><img decoding=\"async\" class=\"swiper-slide-image\" src=\"https:\/\/www.encantada.es\/wp-content\/uploads\/2024\/01\/Banyoles-3-600x600.jpg\" alt=\"Banyoles 3\" \/><figcaption class=\"elementor-image-carousel-caption\">Banyoles: 31,8 km - 35 min<\/figcaption><\/figure><\/div><div class=\"swiper-slide\" role=\"group\" aria-roledescription=\"slide\" aria-label=\"10 van 19\"><figure class=\"swiper-slide-inner\"><img decoding=\"async\" class=\"swiper-slide-image\" src=\"https:\/\/www.encantada.es\/wp-content\/uploads\/2024\/01\/Beget-600x600.jpeg\" alt=\"Beget\" \/><figcaption class=\"elementor-image-carousel-caption\">Beget: 67,7 km - 1u14<\/figcaption><\/figure><\/div><div class=\"swiper-slide\" role=\"group\" aria-roledescription=\"slide\" aria-label=\"11 van 19\"><figure class=\"swiper-slide-inner\"><img decoding=\"async\" class=\"swiper-slide-image\" src=\"https:\/\/www.encantada.es\/wp-content\/uploads\/2024\/01\/Cadaques-2-600x600.jpg\" alt=\"Cadaques 2\" \/><figcaption class=\"elementor-image-carousel-caption\">Cadaqu\u00e9s: 44,9 km - 50 min<\/figcaption><\/figure><\/div><div class=\"swiper-slide\" role=\"group\" aria-roledescription=\"slide\" aria-label=\"12 van 19\"><figure class=\"swiper-slide-inner\"><img decoding=\"async\" class=\"swiper-slide-image\" src=\"https:\/\/www.encantada.es\/wp-content\/uploads\/2024\/01\/Castellfollit-de-la-Roca-1-600x600.jpg\" alt=\"Castellfollit de la Roca 1\" \/><figcaption class=\"elementor-image-carousel-caption\">Castellfollit De La Roca: 41,1 km - 36 min<\/figcaption><\/figure><\/div><div class=\"swiper-slide\" role=\"group\" aria-roledescription=\"slide\" aria-label=\"13 van 19\"><figure class=\"swiper-slide-inner\"><img decoding=\"async\" class=\"swiper-slide-image\" src=\"https:\/\/www.encantada.es\/wp-content\/uploads\/2024\/01\/Figueres-1-600x600.jpg\" alt=\"Figueres 1\" \/><figcaption class=\"elementor-image-carousel-caption\">Figueres: 12,9 km - 17 min<\/figcaption><\/figure><\/div><div class=\"swiper-slide\" role=\"group\" aria-roledescription=\"slide\" aria-label=\"14 van 19\"><figure class=\"swiper-slide-inner\"><img decoding=\"async\" class=\"swiper-slide-image\" src=\"https:\/\/www.encantada.es\/wp-content\/uploads\/2024\/01\/Figueres-2-600x600.jpg\" alt=\"Figueres 2\" \/><figcaption class=\"elementor-image-carousel-caption\">Figueres: 12,9 km - 17 min<\/figcaption><\/figure><\/div><div class=\"swiper-slide\" role=\"group\" aria-roledescription=\"slide\" aria-label=\"15 van 19\"><figure class=\"swiper-slide-inner\"><img decoding=\"async\" class=\"swiper-slide-image\" src=\"https:\/\/www.encantada.es\/wp-content\/uploads\/2024\/01\/LEscala-600x600.jpg\" alt=\"L&#039;Escala\" \/><figcaption class=\"elementor-image-carousel-caption\">L'Escala: 25,1 km - 27 min<\/figcaption><\/figure><\/div><div class=\"swiper-slide\" role=\"group\" aria-roledescription=\"slide\" aria-label=\"16 van 19\"><figure class=\"swiper-slide-inner\"><img decoding=\"async\" class=\"swiper-slide-image\" src=\"https:\/\/www.encantada.es\/wp-content\/uploads\/2024\/01\/La-Bisbal-dEmporda-600x600.jpg\" alt=\"La Bisbal d&#039;Emporda\" \/><figcaption class=\"elementor-image-carousel-caption\">La Bisbal D'Emporda: 38,6 km - 37 min<\/figcaption><\/figure><\/div><div class=\"swiper-slide\" role=\"group\" aria-roledescription=\"slide\" aria-label=\"17 van 19\"><figure class=\"swiper-slide-inner\"><img decoding=\"async\" class=\"swiper-slide-image\" src=\"https:\/\/www.encantada.es\/wp-content\/uploads\/2024\/01\/Peralada-600x600.jpg\" alt=\"Peralada\" \/><figcaption class=\"elementor-image-carousel-caption\">Peralada: 19,1 km - 20 min<\/figcaption><\/figure><\/div><div class=\"swiper-slide\" role=\"group\" aria-roledescription=\"slide\" aria-label=\"18 van 19\"><figure class=\"swiper-slide-inner\"><img decoding=\"async\" class=\"swiper-slide-image\" src=\"https:\/\/www.encantada.es\/wp-content\/uploads\/2024\/01\/Port-de-la-Selva-1-600x600.jpg\" alt=\"Port de la Selva 1\" \/><figcaption class=\"elementor-image-carousel-caption\">Porta De La Selva: 40,6 km - 41 min<\/figcaption><\/figure><\/div><div class=\"swiper-slide\" role=\"group\" aria-roledescription=\"slide\" aria-label=\"19 van 19\"><figure class=\"swiper-slide-inner\"><img decoding=\"async\" class=\"swiper-slide-image\" src=\"https:\/\/www.encantada.es\/wp-content\/uploads\/2024\/01\/Torroella-de-Montgri-600x600.jpg\" alt=\"Torroella de Montgri\" \/><figcaption class=\"elementor-image-carousel-caption\">Torroella De Montgr\u00ed: 33,3 km - 31 min<\/figcaption><\/figure><\/div>\t\t\t<\/div>\n\t\t\t\t\t\t\t\t\t\t\t\t<div class=\"elementor-swiper-button elementor-swiper-button-prev\" role=\"button\" tabindex=\"0\">\n\t\t\t\t\t\t<svg aria-hidden=\"true\" class=\"e-font-icon-svg e-eicon-chevron-left\" viewBox=\"0 0 1000 1000\" xmlns=\"http:\/\/www.w3.org\/2000\/svg\"><path d=\"M646 125C629 125 613 133 604 142L308 442C296 454 292 471 292 487 292 504 296 521 308 533L604 854C617 867 629 875 646 875 663 875 679 871 692 858 704 846 713 829 713 812 713 796 708 779 692 767L438 487 692 225C700 217 708 204 708 187 708 171 704 154 692 142 675 129 663 125 646 125Z\"><\/path><\/svg>\t\t\t\t\t<\/div>\n\t\t\t\t\t<div class=\"elementor-swiper-button elementor-swiper-button-next\" role=\"button\" tabindex=\"0\">\n\t\t\t\t\t\t<svg aria-hidden=\"true\" class=\"e-font-icon-svg e-eicon-chevron-right\" viewBox=\"0 0 1000 1000\" xmlns=\"http:\/\/www.w3.org\/2000\/svg\"><path d=\"M696 533C708 521 713 504 713 487 713 471 708 454 696 446L400 146C388 133 375 125 354 125 338 125 325 129 313 142 300 154 292 171 292 187 292 204 296 221 308 233L563 492 304 771C292 783 288 800 288 817 288 833 296 850 308 863 321 871 338 875 354 875 371 875 388 867 400 854L696 533Z\"><\/path><\/svg>\t\t\t\t\t<\/div>\n\t\t\t\t\n\t\t\t\t\t\t\t\t\t<\/div>\n\t\t\t\t\t\t<\/div>\n\t\t\t\t<\/div>\n\t\t\t\t<\/div>\n\t\t\t\t\t<\/div>\n\t\t\t\t<\/div>\n\t\t<div class=\"elementor-element elementor-element-e9274a3 e-con-full e-flex e-con e-parent\" data-id=\"e9274a3\" data-element_type=\"container\" data-e-type=\"container\" id=\"maps\">\n\t\t\t\t<div class=\"elementor-element elementor-element-40633d8a elementor-widget elementor-widget-google_maps\" data-id=\"40633d8a\" data-element_type=\"widget\" data-e-type=\"widget\" data-widget_type=\"google_maps.default\">\n\t\t\t\t<div class=\"elementor-widget-container\">\n\t\t\t\t\t\t\t<div class=\"elementor-custom-embed\">\n\t\t\t<iframe loading=\"lazy\"\n\t\t\t\t\tsrc=\"https:\/\/maps.google.com\/maps?q=Carrer%20Nord%201%2017476%20Palau%20de%20Santa%20Eul%C3%A0lia%20Gerona%20Spanje&#038;t=m&#038;z=8&#038;output=embed&#038;iwloc=near\"\n\t\t\t\t\ttitle=\"Carrer Nord 1 17476 Palau de Santa Eul\u00e0lia Gerona Spanje\"\n\t\t\t\t\taria-label=\"Carrer Nord 1 17476 Palau de Santa Eul\u00e0lia Gerona Spanje\"\n\t\t\t><\/iframe>\n\t\t<\/div>\n\t\t\t\t\t\t<\/div>\n\t\t\t\t<\/div>\n\t\t\t\t<\/div>\n\t\t\t\t<\/div>\n\t\t","protected":false},"excerpt":{"rendered":"<p>Encantada aan het woord Ik beschouw mezelf als een ideale uitvalsbasis voor zowel natuur- als cultuurliefhebbers. Voor de eerste groep zijn de mogelijkheden qua activiteiten quasi eindeloos: korte wandelingen of uitgebreide trektochten, mountainbiken of wielrennen, pootje baden of vissen op de El Fluvi\u00e0 rivier, paardrijden, naar het strand gaan, golfen, meevliegen met een ballonvaart, skydiven,.. [&hellip;]<\/p>\n","protected":false},"author":7,"featured_media":0,"parent":0,"menu_order":0,"comment_status":"closed","ping_status":"closed","template":"elementor_header_footer","meta":{"ocean_post_layout":"","ocean_both_sidebars_style":"","ocean_both_sidebars_content_width":0,"ocean_both_sidebars_sidebars_width":0,"ocean_sidebar":"0","ocean_second_sidebar":"0","ocean_disable_margins":"enable","ocean_add_body_class":"","ocean_shortcode_before_top_bar":"","ocean_shortcode_after_top_bar":"","ocean_shortcode_before_header":"","ocean_shortcode_after_header":"","ocean_has_shortcode":"","ocean_shortcode_after_title":"","ocean_shortcode_before_footer_widgets":"","ocean_shortcode_after_footer_widgets":"","ocean_shortcode_before_footer_bottom":"","ocean_shortcode_after_footer_bottom":"","ocean_display_top_bar":"default","ocean_display_header":"default","ocean_header_style":"","ocean_center_header_left_menu":"0","ocean_custom_header_template":"0","ocean_custom_logo":0,"ocean_custom_retina_logo":0,"ocean_custom_logo_max_width":0,"ocean_custom_logo_tablet_max_width":0,"ocean_custom_logo_mobile_max_width":0,"ocean_custom_logo_max_height":0,"ocean_custom_logo_tablet_max_height":0,"ocean_custom_logo_mobile_max_height":0,"ocean_header_custom_menu":"0","ocean_menu_typo_font_family":"0","ocean_menu_typo_font_subset":"","ocean_menu_typo_font_size":0,"ocean_menu_typo_font_size_tablet":0,"ocean_menu_typo_font_size_mobile":0,"ocean_menu_typo_font_size_unit":"px","ocean_menu_typo_font_weight":"","ocean_menu_typo_font_weight_tablet":"","ocean_menu_typo_font_weight_mobile":"","ocean_menu_typo_transform":"","ocean_menu_typo_transform_tablet":"","ocean_menu_typo_transform_mobile":"","ocean_menu_typo_line_height":0,"ocean_menu_typo_line_height_tablet":0,"ocean_menu_typo_line_height_mobile":0,"ocean_menu_typo_line_height_unit":"","ocean_menu_typo_spacing":0,"ocean_menu_typo_spacing_tablet":0,"ocean_menu_typo_spacing_mobile":0,"ocean_menu_typo_spacing_unit":"","ocean_menu_link_color":"","ocean_menu_link_color_hover":"","ocean_menu_link_color_active":"","ocean_menu_link_background":"","ocean_menu_link_hover_background":"","ocean_menu_link_active_background":"","ocean_menu_social_links_bg":"","ocean_menu_social_hover_links_bg":"","ocean_menu_social_links_color":"","ocean_menu_social_hover_links_color":"","ocean_disable_title":"default","ocean_disable_heading":"default","ocean_post_title":"","ocean_post_subheading":"","ocean_post_title_style":"","ocean_post_title_background_color":"","ocean_post_title_background":0,"ocean_post_title_bg_image_position":"","ocean_post_title_bg_image_attachment":"","ocean_post_title_bg_image_repeat":"","ocean_post_title_bg_image_size":"","ocean_post_title_height":0,"ocean_post_title_bg_overlay":0.5,"ocean_post_title_bg_overlay_color":"","ocean_disable_breadcrumbs":"default","ocean_breadcrumbs_color":"","ocean_breadcrumbs_separator_color":"","ocean_breadcrumbs_links_color":"","ocean_breadcrumbs_links_hover_color":"","ocean_display_footer_widgets":"default","ocean_display_footer_bottom":"default","ocean_custom_footer_template":"0","footnotes":""},"class_list":["post-956","page","type-page","status-publish","hentry","entry"],"acf":[],"_links":{"self":[{"href":"https:\/\/www.encantada.es\/nl\/wp-json\/wp\/v2\/pages\/956","targetHints":{"allow":["GET"]}}],"collection":[{"href":"https:\/\/www.encantada.es\/nl\/wp-json\/wp\/v2\/pages"}],"about":[{"href":"https:\/\/www.encantada.es\/nl\/wp-json\/wp\/v2\/types\/page"}],"author":[{"embeddable":true,"href":"https:\/\/www.encantada.es\/nl\/wp-json\/wp\/v2\/users\/7"}],"replies":[{"embeddable":true,"href":"https:\/\/www.encantada.es\/nl\/wp-json\/wp\/v2\/comments?post=956"}],"version-history":[{"count":143,"href":"https:\/\/www.encantada.es\/nl\/wp-json\/wp\/v2\/pages\/956\/revisions"}],"predecessor-version":[{"id":5485,"href":"https:\/\/www.encantada.es\/nl\/wp-json\/wp\/v2\/pages\/956\/revisions\/5485"}],"wp:attachment":[{"href":"https:\/\/www.encantada.es\/nl\/wp-json\/wp\/v2\/media?parent=956"}],"curies":[{"name":"wp","href":"https:\/\/api.w.org\/{rel}","templated":true}]}}